{"id":557,"date":"2021-04-08T15:30:50","date_gmt":"2021-04-08T15:30:50","guid":{"rendered":"https:\/\/antaxi.es\/?page_id=557"},"modified":"2021-04-08T15:30:50","modified_gmt":"2021-04-08T15:30:50","slug":"aviso-legal","status":"publish","type":"page","link":"https:\/\/antaxi.es\/?page_id=557","title":{"rendered":"Aviso legal"},"content":{"rendered":"\n<div style=\"padding: 10px;\">\n<br> <h3> Titular del Sitio Web <\/h3><br> El sitio web antaxi.es es titularidad de la ASOCIACI\u00d3N NACIONAL DEL TAXI, <br> con domicilio en C\/ PAYASO FOF\u00d3 24, 28018, MADRID y C.I.F. G28819290.<br> Tlf.: 914 777 021<br> Email: info@antaxi.es<br> <br> <h3> Informaci\u00f3n actualizada y de calidad <\/h3><br> ANTAXI, a trav\u00e9s de su web, facilita informaci\u00f3n de inter\u00e9s general para el titular de licencia de autotaxi, conductores y usuarios del servicio. La informaci\u00f3n facilitada es la vigente en el momento de su publicaci\u00f3n.<br> <br> ANTAXI procura que esta informaci\u00f3n sea exacta y precisa, y procede a su actualizaci\u00f3n con la m\u00e1xima celeridad posible, tratando de evitar errores y corrigi\u00e9ndolos tan pronto como los detecta. No obstante, desde nuestra entidad no podemos garantizar la inexistencia de errores ni que el contenido de la informaci\u00f3n se encuentre permanentemente actualizado.<br> <br> El acceso a la Web, as\u00ed como el uso de la informaci\u00f3n que contiene, son de la exclusiva responsabilidad del usuario. ASOCIACI\u00d3N NACIONAL DEL TAXI no es responsable de ning\u00fan perjuicio que pudiera derivarse de esos hechos, ni tampoco puede garantizar que el acceso no se vea interrumpido o que el contenido o software al que pueda accederse est\u00e9 libre de error o de causar da\u00f1o. La informaci\u00f3n proporcionada en respuesta a cualquier consulta o petici\u00f3n de informaci\u00f3n tiene car\u00e1cter meramente orientativo y en ning\u00fan caso resultar\u00e1 vinculante.<br> <br> En los contenidos publicados se incluyen enlaces a p\u00e1ginas de sitios web de terceros, fundamentalmente de otras Administraciones P\u00fablicas, que se considera pueden ser de inter\u00e9s para los usuarios. ANTAXI no asume ninguna responsabilidad derivada de las conexiones o los contenidos de esos enlaces.<br> <br> ANTAXI no se hace responsable, en ning\u00fan caso, de los da\u00f1os y perjuicios de cualquier naturaleza que pudieran ocasionar, a t\u00edtulo enunciativo: por errores u omisiones en los contenidos, por falta de disponibilidad del sitio web \u2013 el cual realizar\u00e1 paradas peri\u00f3dicas por mantenimientos t\u00e9cnicos \u2013 as\u00ed como por la transmisi\u00f3n de virus o programas maliciosos o lesivos en los contenidos, a pesar de haber adoptado todas las medidas tecnol\u00f3gicas necesarias para evitarlo.\n<\/div>\n\n\n\n<p><\/p>\n","protected":false},"excerpt":{"rendered":"<p>Titular del Sitio Web El sitio web antaxi.es es titularidad de la ASOCIACI\u00d3N NACIONAL DEL TAXI, con domicilio en C\/ PAYASO FOF\u00d3 24, 28018, MADRID y C.I.F. G28819290. Tlf.: 914 777 021 Email: info@antaxi.es Informaci\u00f3n actualizada y de calidad ANTAXI, a trav\u00e9s de su web, facilita informaci\u00f3n de inter\u00e9s general para el titular de licencia&hellip;&nbsp;<a href=\"https:\/\/antaxi.es\/?page_id=557\" class=\"\" rel=\"bookmark\">Leer m\u00e1s &raquo;<span class=\"screen-reader-text\">Aviso legal<\/span><\/a><\/p>\n","protected":false},"author":1,"featured_media":0,"parent":0,"menu_order":0,"comment_status":"closed","ping_status":"closed","template":"","meta":{"neve_meta_sidebar":"full-width","neve_meta_container":"","neve_meta_enable_content_width":"on","neve_meta_content_width":100,"neve_meta_title_alignment":"","neve_meta_author_avatar":"","neve_post_elements_order":"","neve_meta_disable_header":"","neve_meta_disable_footer":"","neve_meta_disable_title":"","_ti_tpc_template_sync":false,"_ti_tpc_template_id":"","footnotes":""},"_links":{"self":[{"href":"https:\/\/antaxi.es\/index.php?rest_route=\/wp\/v2\/pages\/557"}],"collection":[{"href":"https:\/\/antaxi.es\/index.php?rest_route=\/wp\/v2\/pages"}],"about":[{"href":"https:\/\/antaxi.es\/index.php?rest_route=\/wp\/v2\/types\/page"}],"author":[{"embeddable":true,"href":"https:\/\/antaxi.es\/index.php?rest_route=\/wp\/v2\/users\/1"}],"replies":[{"embeddable":true,"href":"https:\/\/antaxi.es\/index.php?rest_route=%2Fwp%2Fv2%2Fcomments&post=557"}],"version-history":[{"count":2,"href":"https:\/\/antaxi.es\/index.php?rest_route=\/wp\/v2\/pages\/557\/revisions"}],"predecessor-version":[{"id":564,"href":"https:\/\/antaxi.es\/index.php?rest_route=\/wp\/v2\/pages\/557\/revisions\/564"}],"wp:attachment":[{"href":"https:\/\/antaxi.es\/index.php?rest_route=%2Fwp%2Fv2%2Fmedia&parent=557"}],"curies":[{"name":"wp","href":"https:\/\/api.w.org\/{rel}","templated":true}]}}