{"id":3,"date":"2021-04-07T15:27:46","date_gmt":"2021-04-07T15:27:46","guid":{"rendered":"https:\/\/antaxi.es\/?page_id=3"},"modified":"2021-04-08T12:00:46","modified_gmt":"2021-04-08T12:00:46","slug":"politica-privacidad","status":"publish","type":"page","link":"https:\/\/antaxi.es\/?page_id=3","title":{"rendered":"Pol\u00edtica de privacidad"},"content":{"rendered":"\n<div style=\"padding: 10px;\">\n<div class=\"modalInterno\">\nSiguiendo los principios de licitud, lealtad y transparencia, ponemos a su disposici\u00f3n la presente Pol\u00edtica de Privacidad.<br> <br> <span class=\"scFormHeaderFont\"> \u00bfQui\u00e9n es el Responsable del tratamiento de sus datos? <\/span><br> ASOCIACI\u00d3N NACIONAL DEL TAXI<br> CIF: G28819290 <br> DOMICILIO SOCIAL: C\/ PAYASO FOF\u00d3 24, 28018, MADRID <br> Email: info@antaxi.es <br> Tel\u00e9fono: 914777021 <br> <br> <span class=\"scFormHeaderFont\"> \u00bfCon qu\u00e9 finalidad tratamos sus datos personales? <\/span><br> En la ASOCIACI\u00d3N NACIONAL DEL TAXI tratamos la informaci\u00f3n que nos facilita con la finalidad de gestionar la relaci\u00f3n contractual que nos une, gestionar el env\u00edo de la informaci\u00f3n que nos solicita, facilitar a los interesados ofertas de nuestros servicios y\/o productos de su inter\u00e9s y\/o gestionar su candidatura.<br> <br> <span class=\"scFormHeaderFont\"> \u00bfPor cu\u00e1nto tiempo conservaremos sus datos personales? <\/span><br> Sus datos, ser\u00e1n conservados el tiempo m\u00ednimo necesario para la correcta prestaci\u00f3n del servicio ofrecido as\u00ed como para atender las responsabilidades que se pudieran derivar del mismo y de cualquier otra exigencia legal.<br> <br> <span class=\"scFormHeaderFont\"> \u00bfCu\u00e1l es la legitimaci\u00f3n para el tratamiento de sus datos? <\/span><br> La base legal para el tratamiento de sus datos personales puede ser la ejecuci\u00f3n de una relaci\u00f3n contractual potencial y\/o suscrita, el inter\u00e9s leg\u00edtimo, la habilitaci\u00f3n legal y\/o el consentimiento del propio interesado. Los datos que le solicitamos son adecuados, pertinentes y estrictamente necesarios y en ning\u00fan caso est\u00e1 obligado a facilit\u00e1rnoslos, pero su no comunicaci\u00f3n podr\u00e1 afectar a la finalidad del servicio o la imposibilidad de prestarlo.<br> <br> <span class=\"scFormHeaderFont\"> \u00bfA qu\u00e9 destinatarios se comunicar\u00e1n sus datos? <\/span><br> ASOCIACI\u00d3N NACIONAL DEL TAXI no comunicar\u00e1 sus datos a ning\u00fan tercero, salvo que se informe de ello expresamente.<br> <br> <span class=\"scFormHeaderFont\"> \u00bfCu\u00e1les son sus derechos cuando nos facilita sus datos? <\/span><br> Los derechos de protecci\u00f3n de datos de los que son titulares los interesados son:<br> \u2022 Derecho a solicitar el acceso a los datos personales relativos al interesado<br> \u2022 Derecho de rectificaci\u00f3n o supresi\u00f3n<br> \u2022 Derecho de oposici\u00f3n<br> \u2022 Derecho a solicitar la limitaci\u00f3n de su tratamiento<br> \u2022 Derecho a la portabilidad de los datos<br> <br> Los titulares de los datos personales obtenidos, podr\u00e1n ejercer sus derechos de protecci\u00f3n de datos personales dirigiendo una comunicaci\u00f3n por escrito al domicilio social de ASOCIACI\u00d3N NACIONAL DEL TAXI o al correo electr\u00f3nico habilitado a tal efecto, info@antaxi.es, incluyendo en ambos casos fotocopia de su DNI u otro documento de identificaci\u00f3n equivalente.<br> <br> Modelos, formularios y m\u00e1s informaci\u00f3n disponible sobre sus derechos en la p\u00e1gina web de la autoridad de control nacional, Agencia Espa\u00f1ola de Protecci\u00f3n de Datos, en adelante, AEPD, www.agpd.es<br> <br> <span class=\"scFormHeaderFont\"> \u00bfPuedo retirar el consentimiento? <\/span><br> Usted tiene la posibilidad y el derecho a retirar el consentimiento para cualquiera finalidad espec\u00edfica otorgada en su momento, sin que ello afecte a la licitud del tratamiento basado en el consentimiento previo a su retirada.<br> <br> <span class=\"scFormHeaderFont\"> \u00bfD\u00f3nde puedo reclamar en caso de que considere que no se tratan mis datos correctamente? <\/span><br> Si alg\u00fan interesado considera que sus datos no son tratados correctamente por ASOCIACI\u00d3N NACIONAL DEL TAXI puede dirigir sus reclamaciones al correo info@antaxi.es o a la autoridad de protecci\u00f3n de datos que corresponda, siendo la AEPD la indicada en el territorio nacional, www.agpd.es<br> <br> <span class=\"scFormHeaderFont\"> Seguridad y actualizaci\u00f3n de sus datos personales <\/span><br> Con el objetivo de salvaguardar la seguridad de sus datos personales, le informamos que ASOCIACI\u00d3N NACIONAL DEL TAXI ha adoptado todas las medidas de \u00edndole t\u00e9cnica y organizativa necesarias para garantizar la seguridad de los datos personales suministrados. Todo ello para evitar su alteraci\u00f3n, p\u00e9rdida, y\/o tratamientos o accesos no autorizados, tal como exige la normativa, si bien la seguridad absoluta no existe. Es importante que, para que podamos mantener sus datos personales actualizados, nos informe siempre que se produzca una modificaci\u00f3n de los mismos.<br> <br> <span class=\"scFormHeaderFont\"> Confidencialidad <\/span><br> ASOCIACI\u00d3N NACIONAL DEL TAXI le informa que sus datos ser\u00e1n tratados con el m\u00e1ximo celo y confidencialidad por todo el personal que intervenga en cualquiera de las fases del tratamiento. No cederemos ni comunicaremos a ning\u00fan tercero sus datos, excepto en los casos legalmente previstos, o salvo que el interesado nos hubiera autorizado expresamente.<\/div>\n<\/div>\n\n\n\n<p><\/p>\n","protected":false},"excerpt":{"rendered":"<p>Siguiendo los principios de licitud, lealtad y transparencia, ponemos a su disposici\u00f3n la presente Pol\u00edtica de Privacidad. \u00bfQui\u00e9n es el Responsable del tratamiento de sus datos? ASOCIACI\u00d3N NACIONAL DEL TAXI CIF: G28819290 DOMICILIO SOCIAL: C\/ PAYASO FOF\u00d3 24, 28018, MADRID Email: info@antaxi.es Tel\u00e9fono: 914777021 \u00bfCon qu\u00e9 finalidad tratamos sus datos personales? En la ASOCIACI\u00d3N NACIONAL&hellip;&nbsp;<a href=\"https:\/\/antaxi.es\/?page_id=3\" class=\"\" rel=\"bookmark\">Leer m\u00e1s &raquo;<span class=\"screen-reader-text\">Pol\u00edtica de privacidad<\/span><\/a><\/p>\n","protected":false},"author":1,"featured_media":0,"parent":0,"menu_order":0,"comment_status":"closed","ping_status":"open","template":"","meta":{"neve_meta_sidebar":"","neve_meta_container":"","neve_meta_enable_content_width":"","neve_meta_content_width":0,"neve_meta_title_alignment":"","neve_meta_author_avatar":"","neve_post_elements_order":"","neve_meta_disable_header":"","neve_meta_disable_footer":"","neve_meta_disable_title":"","_ti_tpc_template_sync":false,"_ti_tpc_template_id":"","footnotes":""},"_links":{"self":[{"href":"https:\/\/antaxi.es\/index.php?rest_route=\/wp\/v2\/pages\/3"}],"collection":[{"href":"https:\/\/antaxi.es\/index.php?rest_route=\/wp\/v2\/pages"}],"about":[{"href":"https:\/\/antaxi.es\/index.php?rest_route=\/wp\/v2\/types\/page"}],"author":[{"embeddable":true,"href":"https:\/\/antaxi.es\/index.php?rest_route=\/wp\/v2\/users\/1"}],"replies":[{"embeddable":true,"href":"https:\/\/antaxi.es\/index.php?rest_route=%2Fwp%2Fv2%2Fcomments&post=3"}],"version-history":[{"count":4,"href":"https:\/\/antaxi.es\/index.php?rest_route=\/wp\/v2\/pages\/3\/revisions"}],"predecessor-version":[{"id":552,"href":"https:\/\/antaxi.es\/index.php?rest_route=\/wp\/v2\/pages\/3\/revisions\/552"}],"wp:attachment":[{"href":"https:\/\/antaxi.es\/index.php?rest_route=%2Fwp%2Fv2%2Fmedia&parent=3"}],"curies":[{"name":"wp","href":"https:\/\/api.w.org\/{rel}","templated":true}]}}