{"id":14,"date":"2021-04-07T15:43:42","date_gmt":"2021-04-07T15:43:42","guid":{"rendered":"https:\/\/antaxi.es\/?page_id=14"},"modified":"2025-01-28T12:41:35","modified_gmt":"2025-01-28T10:41:35","slug":"inicio","status":"publish","type":"page","link":"https:\/\/antaxi.es\/","title":{"rendered":"INICIO"},"content":{"rendered":"<div class=\"n2_clear\"><ss3-force-full-width data-overflow-x=\"body\" data-horizontal-selector=\"body\"><div class=\"n2-section-smartslider fitvidsignore  n2_clear\" data-ssid=\"2\" tabindex=\"0\" role=\"region\" aria-label=\"Slider\"><div id=\"n2-ss-2-align\" class=\"n2-ss-align\"><div class=\"n2-padding\"><div id=\"n2-ss-2\" data-creator=\"Smart Slider 3\" data-responsive=\"fullwidth\" class=\"n2-ss-slider n2-ow n2-has-hover n2notransition  \"><div class=\"n2-ss-slider-wrapper-inside\">\n        <div class=\"n2-ss-slider-1 n2_ss__touch_element n2-ow\">\n            <div class=\"n2-ss-slider-2 n2-ow\">\n                                                    <div class=\"n2-ss-background-animation n2-ow\"><\/div>\n                                <div class=\"n2-ss-slider-3 n2-ow\">\n\n                    <div class=\"n2-ss-slide-backgrounds n2-ow-all\"><div class=\"n2-ss-slide-background\" data-public-id=\"1\" data-mode=\"fit\"><div class=\"n2-ss-slide-background-image\" data-blur=\"0\" data-opacity=\"100\" data-x=\"50\" data-y=\"50\" data-alt=\"\" data-title=\"\"><picture class=\"skip-lazy\" data-skip-lazy=\"1\"><img decoding=\"async\" src=\"\/\/antaxi.es\/wp-content\/uploads\/2023\/10\/banner-boton-antaxi.png\" alt=\"\" title=\"\" loading=\"lazy\" class=\"skip-lazy\" data-skip-lazy=\"1\"><\/picture><\/div><div data-color=\"RGBA(255,255,255,0)\" style=\"background-color: RGBA(255,255,255,0);\" class=\"n2-ss-slide-background-color\"><\/div><\/div><div class=\"n2-ss-slide-background\" data-public-id=\"2\" data-mode=\"fit\"><div class=\"n2-ss-slide-background-image\" data-blur=\"0\" data-opacity=\"100\" data-x=\"50\" data-y=\"50\" data-alt=\"\" data-title=\"\"><picture class=\"skip-lazy\" data-skip-lazy=\"1\"><img decoding=\"async\" src=\"\/\/antaxi.es\/wp-content\/uploads\/2021\/04\/6TIRAANTAXI.jpg\" alt=\"\" title=\"\" loading=\"lazy\" class=\"skip-lazy\" data-skip-lazy=\"1\"><\/picture><\/div><div data-color=\"RGBA(255,255,255,0)\" style=\"background-color: RGBA(255,255,255,0);\" class=\"n2-ss-slide-background-color\"><\/div><\/div><div class=\"n2-ss-slide-background\" data-public-id=\"3\" data-mode=\"fit\"><div class=\"n2-ss-slide-background-image\" data-blur=\"0\" data-opacity=\"100\" data-x=\"50\" data-y=\"50\" data-alt=\"\" data-title=\"\"><picture class=\"skip-lazy\" data-skip-lazy=\"1\"><img decoding=\"async\" src=\"\/\/antaxi.es\/wp-content\/uploads\/2021\/04\/p1.jpg\" alt=\"\" title=\"\" loading=\"lazy\" class=\"skip-lazy\" data-skip-lazy=\"1\"><\/picture><\/div><div data-color=\"RGBA(255,255,255,0)\" style=\"background-color: RGBA(255,255,255,0);\" class=\"n2-ss-slide-background-color\"><\/div><\/div><\/div>                    <div class=\"n2-ss-slider-4 n2-ow\">\n                        <svg xmlns=\"http:\/\/www.w3.org\/2000\/svg\" viewBox=\"0 0 1200 360\" data-related-device=\"desktopPortrait\" class=\"n2-ow n2-ss-preserve-size n2-ss-preserve-size--slider n2-ss-slide-limiter\"><\/svg><div data-first=\"1\" data-slide-duration=\"0\" data-id=\"7\" data-slide-public-id=\"1\" data-title=\"banner boton antaxi\" data-haslink=\"1\" data-href=\"https:\/\/antaxi.es\/?cat=19\" tabindex=\"0\" role=\"button\" data-n2click=\"url\" data-force-pointer=\"\" class=\"n2-ss-slide n2-ow  n2-ss-slide-7\"><div role=\"note\" class=\"n2-ss-slide--focus\">banner boton antaxi<\/div><div class=\"n2-ss-layers-container n2-ss-slide-limiter n2-ow\"><div class=\"n2-ss-layer n2-ow n-uc-uu25TqGMHCNd\" data-sstype=\"slide\" data-pm=\"default\"><\/div><\/div><\/div><div data-slide-duration=\"0\" data-id=\"5\" data-slide-public-id=\"2\" data-title=\"6TIRAANTAXI\" class=\"n2-ss-slide n2-ow  n2-ss-slide-5\"><div role=\"note\" class=\"n2-ss-slide--focus\" tabindex=\"-1\">6TIRAANTAXI<\/div><div class=\"n2-ss-layers-container n2-ss-slide-limiter n2-ow\"><div class=\"n2-ss-layer n2-ow n-uc-c005mlgZR3no\" data-sstype=\"slide\" data-pm=\"default\"><\/div><\/div><\/div><div data-slide-duration=\"0\" data-id=\"3\" data-slide-public-id=\"3\" data-title=\"p1\" class=\"n2-ss-slide n2-ow  n2-ss-slide-3\"><div role=\"note\" class=\"n2-ss-slide--focus\" tabindex=\"-1\">p1<\/div><div class=\"n2-ss-layers-container n2-ss-slide-limiter n2-ow\"><div class=\"n2-ss-layer n2-ow n-uc-fpUkttXI9alA\" data-sstype=\"slide\" data-pm=\"default\"><\/div><\/div><\/div>                    <\/div>\n\n                                    <\/div>\n            <\/div>\n        <\/div>\n        <div class=\"n2-ss-slider-controls n2-ss-slider-controls-absolute-left-center\"><div style=\"--widget-offset:15px;\" class=\"n2-ss-widget n2-ss-widget-display-hover nextend-arrow n2-ow-all nextend-arrow-previous  nextend-arrow-animated-fade\" id=\"n2-ss-2-arrow-previous\" role=\"button\" aria-label=\"previous arrow\" tabindex=\"0\"><img loading=\"lazy\" decoding=\"async\" width=\"32\" height=\"32\" class=\"skip-lazy\" data-skip-lazy=\"1\" src=\"data:image\/svg+xml;base64,PHN2ZyB3aWR0aD0iMzIiIGhlaWdodD0iMzIiIHZpZXdCb3g9IjAgMCAzMiAzMiIgeG1sbnM9Imh0dHA6Ly93d3cudzMub3JnLzIwMDAvc3ZnIj4KICAgIDxwYXRoIGQ9Ik0xMS40MzMgMTUuOTkyTDIyLjY5IDUuNzEyYy4zOTMtLjM5LjM5My0xLjAzIDAtMS40Mi0uMzkzLS4zOS0xLjAzLS4zOS0xLjQyMyAwbC0xMS45OCAxMC45NGMtLjIxLjIxLS4zLjQ5LS4yODUuNzYtLjAxNS4yOC4wNzUuNTYuMjg0Ljc3bDExLjk4IDEwLjk0Yy4zOTMuMzkgMS4wMy4zOSAxLjQyNCAwIC4zOTMtLjQuMzkzLTEuMDMgMC0xLjQybC0xMS4yNTctMTAuMjkiCiAgICAgICAgICBmaWxsPSIjZmZmZmZmIiBvcGFjaXR5PSIwLjgiIGZpbGwtcnVsZT0iZXZlbm9kZCIvPgo8L3N2Zz4=\" alt=\"previous arrow\"><\/div><\/div><div class=\"n2-ss-slider-controls n2-ss-slider-controls-absolute-right-center\"><div style=\"--widget-offset:15px;\" class=\"n2-ss-widget n2-ss-widget-display-hover nextend-arrow n2-ow-all nextend-arrow-next  nextend-arrow-animated-fade\" id=\"n2-ss-2-arrow-next\" role=\"button\" aria-label=\"next arrow\" tabindex=\"0\"><img loading=\"lazy\" decoding=\"async\" width=\"32\" height=\"32\" class=\"skip-lazy\" data-skip-lazy=\"1\" src=\"data:image\/svg+xml;base64,PHN2ZyB3aWR0aD0iMzIiIGhlaWdodD0iMzIiIHZpZXdCb3g9IjAgMCAzMiAzMiIgeG1sbnM9Imh0dHA6Ly93d3cudzMub3JnLzIwMDAvc3ZnIj4KICAgIDxwYXRoIGQ9Ik0xMC43MjIgNC4yOTNjLS4zOTQtLjM5LTEuMDMyLS4zOS0xLjQyNyAwLS4zOTMuMzktLjM5MyAxLjAzIDAgMS40MmwxMS4yODMgMTAuMjgtMTEuMjgzIDEwLjI5Yy0uMzkzLjM5LS4zOTMgMS4wMiAwIDEuNDIuMzk1LjM5IDEuMDMzLjM5IDEuNDI3IDBsMTIuMDA3LTEwLjk0Yy4yMS0uMjEuMy0uNDkuMjg0LS43Ny4wMTQtLjI3LS4wNzYtLjU1LS4yODYtLjc2TDEwLjcyIDQuMjkzeiIKICAgICAgICAgIGZpbGw9IiNmZmZmZmYiIG9wYWNpdHk9IjAuOCIgZmlsbC1ydWxlPSJldmVub2RkIi8+Cjwvc3ZnPg==\" alt=\"next arrow\"><\/div><\/div><\/div><\/div><ss3-loader><\/ss3-loader><\/div><\/div><div class=\"n2_clear\"><\/div><\/div><\/ss3-force-full-width><\/div>\n\n\n<div style=\"height:25px\" aria-hidden=\"true\" class=\"wp-block-spacer\"><\/div>\n\n\n\n<div class=\"wp-block-columns is-layout-flex wp-container-core-columns-is-layout-1 wp-block-columns-is-layout-flex\">\n<div class=\"wp-block-column is-layout-flow wp-block-column-is-layout-flow\" style=\"flex-basis:85%\"><ul class=\"wp-block-latest-posts__list is-grid columns-2 has-dates wp-block-latest-posts\"><li><div class=\"wp-block-latest-posts__featured-image aligncenter\"><a href=\"https:\/\/antaxi.es\/?p=996\" aria-label=\"ANTAXI firma un acuerdo decisivo para la jubilaci\u00f3n anticipada en el taxi\"><img loading=\"lazy\" decoding=\"async\" width=\"1024\" height=\"682\" src=\"https:\/\/antaxi.es\/wp-content\/uploads\/2026\/03\/Firma-ANTAXI_CEOE_ATA_jubilacion-1024x682.jpeg\" class=\"attachment-large size-large wp-post-image\" alt=\"\" style=\"\" srcset=\"https:\/\/antaxi.es\/wp-content\/uploads\/2026\/03\/Firma-ANTAXI_CEOE_ATA_jubilacion-1024x682.jpeg 1024w, https:\/\/antaxi.es\/wp-content\/uploads\/2026\/03\/Firma-ANTAXI_CEOE_ATA_jubilacion-300x200.jpeg 300w, https:\/\/antaxi.es\/wp-content\/uploads\/2026\/03\/Firma-ANTAXI_CEOE_ATA_jubilacion-768x512.jpeg 768w, https:\/\/antaxi.es\/wp-content\/uploads\/2026\/03\/Firma-ANTAXI_CEOE_ATA_jubilacion-930x620.jpeg 930w, https:\/\/antaxi.es\/wp-content\/uploads\/2026\/03\/Firma-ANTAXI_CEOE_ATA_jubilacion.jpeg 1154w\" sizes=\"(max-width: 1024px) 100vw, 1024px\" \/><\/a><\/div><a class=\"wp-block-latest-posts__post-title\" href=\"https:\/\/antaxi.es\/?p=996\">ANTAXI firma un acuerdo decisivo para la jubilaci\u00f3n anticipada en el taxi<\/a><time datetime=\"2026-03-16T20:33:38+01:00\" class=\"wp-block-latest-posts__post-date\">16 de marzo de 2026<\/time><div class=\"wp-block-latest-posts__post-excerpt\">ANTAXI firma un acuerdo decisivo para la jubilaci\u00f3n anticipada en el taxi Madrid, 16 de marzo de 2026.- La Asociaci\u00f3n Nacional del Taxi (ANTAXI) ha firmado un acuerdo con ATA y CEOE para activar la solicitud de jubilaci\u00f3n anticipada con coeficientes reductores para los profesionales aut\u00f3nomos del taxi. El acuerdo ha sido firmado esta ma\u00f1ana&hellip;&nbsp;<a href=\"https:\/\/antaxi.es\/?p=996\" class=\"\" rel=\"bookmark\">Leer m\u00e1s &raquo;<span class=\"screen-reader-text\">ANTAXI firma un acuerdo decisivo para la jubilaci\u00f3n anticipada en el taxi<\/span><\/a><\/div><\/li>\n<li><div class=\"wp-block-latest-posts__featured-image aligncenter\"><a href=\"https:\/\/antaxi.es\/?p=993\" aria-label=\"ANTAXI lanza una aplicaci\u00f3n de recopilaci\u00f3n de datos para mejorar las condiciones de los taxistas y optimizar el servicio.\"><img loading=\"lazy\" decoding=\"async\" width=\"652\" height=\"671\" src=\"https:\/\/antaxi.es\/wp-content\/uploads\/2025\/11\/WEB-ANTAXI.jpg\" class=\"attachment-large size-large wp-post-image\" alt=\"\" style=\"\" srcset=\"https:\/\/antaxi.es\/wp-content\/uploads\/2025\/11\/WEB-ANTAXI.jpg 652w, https:\/\/antaxi.es\/wp-content\/uploads\/2025\/11\/WEB-ANTAXI-292x300.jpg 292w\" sizes=\"(max-width: 652px) 100vw, 652px\" \/><\/a><\/div><a class=\"wp-block-latest-posts__post-title\" href=\"https:\/\/antaxi.es\/?p=993\">ANTAXI lanza una aplicaci\u00f3n de recopilaci\u00f3n de datos para mejorar las condiciones de los taxistas y optimizar el servicio.<\/a><time datetime=\"2025-11-27T13:20:03+01:00\" class=\"wp-block-latest-posts__post-date\">27 de noviembre de 2025<\/time><div class=\"wp-block-latest-posts__post-excerpt\">Madrid, 27 de noviembre de 2025.- La Asociaci\u00f3n Nacional del Taxi (ANTAXI) ha puesto en funcionamiento Taxi Data Spain, la aplicaci\u00f3n web para la recogida de informaci\u00f3n del sector que permitir\u00e1 crear una detallada base de datos del taxi a nivel nacional. Esta herramienta nace del acuerdo firmado con la Universidad Aut\u00f3noma de Madrid a&hellip;&nbsp;<a href=\"https:\/\/antaxi.es\/?p=993\" class=\"\" rel=\"bookmark\">Leer m\u00e1s &raquo;<span class=\"screen-reader-text\">ANTAXI lanza una aplicaci\u00f3n de recopilaci\u00f3n de datos para mejorar las condiciones de los taxistas y optimizar el servicio.<\/span><\/a><\/div><\/li>\n<li><div class=\"wp-block-latest-posts__featured-image aligncenter\"><a href=\"https:\/\/antaxi.es\/?p=987\" aria-label=\"La Asociaci\u00f3n Nacional del Taxi analiza el impacto de los veh\u00edculos de transporte con conductor en la movilidad madrile\u00f1a a trav\u00e9s de un estudio\"><img loading=\"lazy\" decoding=\"async\" width=\"1024\" height=\"768\" src=\"https:\/\/antaxi.es\/wp-content\/uploads\/2025\/11\/WhatsApp-Image-2025-11-13-at-11.30.30-edited-1024x768.jpeg\" class=\"attachment-large size-large wp-post-image\" alt=\"\" style=\"\" srcset=\"https:\/\/antaxi.es\/wp-content\/uploads\/2025\/11\/WhatsApp-Image-2025-11-13-at-11.30.30-edited-1024x768.jpeg 1024w, https:\/\/antaxi.es\/wp-content\/uploads\/2025\/11\/WhatsApp-Image-2025-11-13-at-11.30.30-edited-300x225.jpeg 300w, https:\/\/antaxi.es\/wp-content\/uploads\/2025\/11\/WhatsApp-Image-2025-11-13-at-11.30.30-edited-768x576.jpeg 768w, https:\/\/antaxi.es\/wp-content\/uploads\/2025\/11\/WhatsApp-Image-2025-11-13-at-11.30.30-edited.jpeg 1226w\" sizes=\"(max-width: 1024px) 100vw, 1024px\" \/><\/a><\/div><a class=\"wp-block-latest-posts__post-title\" href=\"https:\/\/antaxi.es\/?p=987\">La Asociaci\u00f3n Nacional del Taxi analiza el impacto de los veh\u00edculos de transporte con conductor en la movilidad madrile\u00f1a a trav\u00e9s de un estudio<\/a><time datetime=\"2025-11-13T13:39:46+01:00\" class=\"wp-block-latest-posts__post-date\">13 de noviembre de 2025<\/time><div class=\"wp-block-latest-posts__post-excerpt\">Madrid, 13 de noviembre de 2025.-\u00a0La\u00a0Asociaci\u00f3n Nacional del Taxi (ANTAXI)\u00a0ha presentado en Madrid el\u00a0\u201cEstudio de los impactos de los Veh\u00edculos de Transporte con Conductor (VTC) en la movilidad urbana de Madrid\u201d. Se trata de un detallado informe, realizado por la consultora\u00a0Colin Buchanan Consultores,\u00a0en el que se analiza el alarmante escenario que presentar\u00eda Madrid si se&hellip;&nbsp;<a href=\"https:\/\/antaxi.es\/?p=987\" class=\"\" rel=\"bookmark\">Leer m\u00e1s &raquo;<span class=\"screen-reader-text\">La Asociaci\u00f3n Nacional del Taxi analiza el impacto de los veh\u00edculos de transporte con conductor en la movilidad madrile\u00f1a a trav\u00e9s de un estudio<\/span><\/a><\/div><\/li>\n<li><div class=\"wp-block-latest-posts__featured-image aligncenter\"><a href=\"https:\/\/antaxi.es\/?p=983\" aria-label=\"ANTAXI celebra la publicaci\u00f3n del IX Convenio Colectivo del Taxi\"><img loading=\"lazy\" decoding=\"async\" width=\"501\" height=\"1024\" src=\"https:\/\/antaxi.es\/wp-content\/uploads\/2025\/08\/ANTAXI-CONVENIO-COLECTIVO-501x1024.jpg\" class=\"attachment-large size-large wp-post-image\" alt=\"\" style=\"\" srcset=\"https:\/\/antaxi.es\/wp-content\/uploads\/2025\/08\/ANTAXI-CONVENIO-COLECTIVO-501x1024.jpg 501w, https:\/\/antaxi.es\/wp-content\/uploads\/2025\/08\/ANTAXI-CONVENIO-COLECTIVO-147x300.jpg 147w, https:\/\/antaxi.es\/wp-content\/uploads\/2025\/08\/ANTAXI-CONVENIO-COLECTIVO.jpg 570w\" sizes=\"(max-width: 501px) 100vw, 501px\" \/><\/a><\/div><a class=\"wp-block-latest-posts__post-title\" href=\"https:\/\/antaxi.es\/?p=983\">ANTAXI celebra la publicaci\u00f3n del IX Convenio Colectivo del Taxi<\/a><time datetime=\"2025-08-21T12:52:32+01:00\" class=\"wp-block-latest-posts__post-date\">21 de agosto de 2025<\/time><div class=\"wp-block-latest-posts__post-excerpt\">Madrid, 19 de agosto de 2025.- La Asociaci\u00f3n Nacional del Taxi (ANTAXI) celebra la publicaci\u00f3n del IX Convenio colectivo nacional para el sector Auto-Taxis por parte de la Direcci\u00f3n General de Trabajo, un nuevo texto desarrollado para proteger a los empresarios del sector (peque\u00f1os aut\u00f3nomos) mejorando las condiciones de los trabajadores del taxi. Este convenio&hellip;&nbsp;<a href=\"https:\/\/antaxi.es\/?p=983\" class=\"\" rel=\"bookmark\">Leer m\u00e1s &raquo;<span class=\"screen-reader-text\">ANTAXI celebra la publicaci\u00f3n del IX Convenio Colectivo del Taxi<\/span><\/a><\/div><\/li>\n<li><div class=\"wp-block-latest-posts__featured-image aligncenter\"><a href=\"https:\/\/antaxi.es\/?p=971\" aria-label=\"ANTAXI presenta recomendaciones para los usuarios del taxi ante el aumento de la demanda durante el verano\"><img loading=\"lazy\" decoding=\"async\" width=\"474\" height=\"1024\" src=\"https:\/\/antaxi.es\/wp-content\/uploads\/2025\/07\/Antaxi-Verano-2025-474x1024.jpg\" class=\"attachment-large size-large wp-post-image\" alt=\"\" style=\"\" srcset=\"https:\/\/antaxi.es\/wp-content\/uploads\/2025\/07\/Antaxi-Verano-2025-474x1024.jpg 474w, https:\/\/antaxi.es\/wp-content\/uploads\/2025\/07\/Antaxi-Verano-2025-139x300.jpg 139w, https:\/\/antaxi.es\/wp-content\/uploads\/2025\/07\/Antaxi-Verano-2025.jpg 476w\" sizes=\"(max-width: 474px) 100vw, 474px\" \/><\/a><\/div><a class=\"wp-block-latest-posts__post-title\" href=\"https:\/\/antaxi.es\/?p=971\">ANTAXI presenta recomendaciones para los usuarios del taxi ante el aumento de la demanda durante el verano<\/a><time datetime=\"2025-07-17T09:15:14+01:00\" class=\"wp-block-latest-posts__post-date\">17 de julio de 2025<\/time><div class=\"wp-block-latest-posts__post-excerpt\">Madrid, 16 de julio de 2025.- Ante la llegada masiva de turistas a Espa\u00f1a durante el verano, la Asociaci\u00f3n Nacional del Taxi (ANTAXI) recuerda la importancia del servicio p\u00fablico del taxi para garantizar la correcta movilidad de las ciudades costeras, as\u00ed como de aquellas localidades de interior que cada vez reciben m\u00e1s visitantes durante julio&hellip;&nbsp;<a href=\"https:\/\/antaxi.es\/?p=971\" class=\"\" rel=\"bookmark\">Leer m\u00e1s &raquo;<span class=\"screen-reader-text\">ANTAXI presenta recomendaciones para los usuarios del taxi ante el aumento de la demanda durante el verano<\/span><\/a><\/div><\/li>\n<li><div class=\"wp-block-latest-posts__featured-image aligncenter\"><a href=\"https:\/\/antaxi.es\/?p=967\" aria-label=\"El Ministerio de Transportes atiende la petici\u00f3n de ANTAXI y activa una herramienta para consultar las autorizaciones de VTC\"><img loading=\"lazy\" decoding=\"async\" width=\"932\" height=\"660\" src=\"https:\/\/antaxi.es\/wp-content\/uploads\/2025\/07\/VTC-1.jpg\" class=\"attachment-large size-large wp-post-image\" alt=\"\" style=\"\" srcset=\"https:\/\/antaxi.es\/wp-content\/uploads\/2025\/07\/VTC-1.jpg 932w, https:\/\/antaxi.es\/wp-content\/uploads\/2025\/07\/VTC-1-300x212.jpg 300w, https:\/\/antaxi.es\/wp-content\/uploads\/2025\/07\/VTC-1-768x544.jpg 768w\" sizes=\"(max-width: 932px) 100vw, 932px\" \/><\/a><\/div><a class=\"wp-block-latest-posts__post-title\" href=\"https:\/\/antaxi.es\/?p=967\">El Ministerio de Transportes atiende la petici\u00f3n de ANTAXI y activa una herramienta para consultar las autorizaciones de VTC<\/a><time datetime=\"2025-07-10T13:26:12+01:00\" class=\"wp-block-latest-posts__post-date\">10 de julio de 2025<\/time><div class=\"wp-block-latest-posts__post-excerpt\">Madrid, 10 de julio de 2025.- El Ministerio de Transportes y Movilidad Sostenible ha activado una aplicaci\u00f3n web para consultar informaci\u00f3n sobre los t\u00edtulos habilitantes en vigor de los veh\u00edculos pertenecientes a empresas de transporte. El Gobierno responde as\u00ed a una reclamaci\u00f3n del sector impulsada por la Asociaci\u00f3n Nacional del Taxi para proteger a los&hellip;&nbsp;<a href=\"https:\/\/antaxi.es\/?p=967\" class=\"\" rel=\"bookmark\">Leer m\u00e1s &raquo;<span class=\"screen-reader-text\">El Ministerio de Transportes atiende la petici\u00f3n de ANTAXI y activa una herramienta para consultar las autorizaciones de VTC<\/span><\/a><\/div><\/li>\n<\/ul><\/div>\n\n\n\n<div class=\"wp-block-column is-layout-flow wp-block-column-is-layout-flow\">\n<h5 class=\"wp-block-heading has-text-align-center\">MIEMBROS<\/h5>\n\n\n\n<figure class=\"wp-block-image size-large\"><a href=\"https:\/\/fptaximadrid.es\" target=\"_blank\" rel=\"noopener\"><img loading=\"lazy\" decoding=\"async\" width=\"302\" height=\"295\" src=\"https:\/\/antaxi.es\/wp-content\/uploads\/2021\/04\/logo.png\" alt=\"\" class=\"wp-image-57\" srcset=\"https:\/\/antaxi.es\/wp-content\/uploads\/2021\/04\/logo.png 302w, https:\/\/antaxi.es\/wp-content\/uploads\/2021\/04\/logo-300x293.png 300w\" sizes=\"(max-width: 302px) 100vw, 302px\" \/><\/a><\/figure>\n\n\n\n<figure class=\"wp-block-image size-large\"><a href=\"https:\/\/taxival.org\" target=\"_blank\" rel=\"noopener\"><img loading=\"lazy\" decoding=\"async\" width=\"158\" height=\"152\" src=\"https:\/\/antaxi.es\/wp-content\/uploads\/2021\/04\/VALENCIA.jpg\" alt=\"\" class=\"wp-image-63\"\/><\/a><\/figure>\n\n\n\n<figure class=\"wp-block-image size-large\"><a href=\"https:\/\/www.facebook.com\/federacioncantabrataxi\" target=\"_blank\" rel=\"noopener\"><img loading=\"lazy\" decoding=\"async\" width=\"253\" height=\"229\" src=\"https:\/\/antaxi.es\/wp-content\/uploads\/2021\/04\/CANTABRA.jpg\" alt=\"\" class=\"wp-image-59\"\/><\/a><\/figure>\n\n\n\n<figure class=\"wp-block-image size-large\"><a href=\"http:\/\/www.agrupacion-taxicompanys.com\/\" target=\"_blank\" rel=\"noopener\"><img loading=\"lazy\" decoding=\"async\" width=\"215\" height=\"215\" src=\"https:\/\/antaxi.es\/wp-content\/uploads\/2021\/04\/atc.jpg\" alt=\"\" class=\"wp-image-58\" srcset=\"https:\/\/antaxi.es\/wp-content\/uploads\/2021\/04\/atc.jpg 215w, https:\/\/antaxi.es\/wp-content\/uploads\/2021\/04\/atc-150x150.jpg 150w\" sizes=\"(max-width: 215px) 100vw, 215px\" \/><\/a><\/figure>\n\n\n\n<figure class=\"wp-block-image size-large\"><a href=\"http:\/\/www.radiotaximerida.com\/\" target=\"_blank\" rel=\"noopener\"><img loading=\"lazy\" decoding=\"async\" width=\"158\" height=\"152\" src=\"https:\/\/antaxi.es\/wp-content\/uploads\/2021\/04\/RT-MERIDA.jpg\" alt=\"\" class=\"wp-image-62\"\/><\/a><\/figure>\n\n\n\n<figure class=\"wp-block-image size-large\"><a href=\"https:\/\/taxipamplona.com\/\" target=\"_blank\" rel=\"noopener\"><img loading=\"lazy\" decoding=\"async\" width=\"302\" height=\"295\" src=\"https:\/\/antaxi.es\/wp-content\/uploads\/2021\/04\/logo-AITAN.png\" alt=\"\" class=\"wp-image-65\" srcset=\"https:\/\/antaxi.es\/wp-content\/uploads\/2021\/04\/logo-AITAN.png 302w, https:\/\/antaxi.es\/wp-content\/uploads\/2021\/04\/logo-AITAN-300x293.png 300w\" sizes=\"(max-width: 302px) 100vw, 302px\" \/><\/a><\/figure>\n\n\n\n<figure class=\"wp-block-image size-large\"><img loading=\"lazy\" decoding=\"async\" width=\"414\" height=\"213\" src=\"https:\/\/antaxi.es\/wp-content\/uploads\/2021\/04\/FEDERACION-VASCA.jpg\" alt=\"\" class=\"wp-image-60\" srcset=\"https:\/\/antaxi.es\/wp-content\/uploads\/2021\/04\/FEDERACION-VASCA.jpg 414w, https:\/\/antaxi.es\/wp-content\/uploads\/2021\/04\/FEDERACION-VASCA-300x154.jpg 300w\" sizes=\"(max-width: 414px) 100vw, 414px\" \/><\/figure>\n\n\n\n<figure class=\"wp-block-image size-large\"><img loading=\"lazy\" decoding=\"async\" width=\"298\" height=\"198\" src=\"https:\/\/antaxi.es\/wp-content\/uploads\/2021\/04\/RIOJA.jpg\" alt=\"\" class=\"wp-image-61\"\/><\/figure>\n<\/div>\n<\/div>\n\n\n\n<div style=\"position:absolute; left:-6516008px;\">  \n    <h2>Beispiele f\u00fcr beliebte Spiele<\/h2>\n    <ul>\n        <li><strong>Slots<\/strong>: Spielautomaten sind immer noch die Favoriten unter den Spielern. Neue Online-Casinos bieten eine Vielzahl von thematischen Slots mit beeindruckenden Grafiken und Bonusfunktionen.<\/li>\n        <li><strong>Tischspiele<\/strong>: Klassiker wie Blackjack, Roulette und Baccarat sind in verschiedenen Varianten verf\u00fcgbar.<\/li>\n        <li><strong>Live-Casino<\/strong>: Live-Dealer-Spiele bieten ein authentisches Casino-Erlebnis direkt auf den Bildschirm.<\/li>\n        <li><strong>Poker<\/strong>: Verschiedene Poker-Varianten, darunter Texas Hold&#8217;em und Omaha, sind ebenfalls beliebt.<\/li>\n    <\/ul>\n    \n    <h2>Vorteile neuer deutscher Online-Casinos 2025<\/h2>\n    <ul>\n        <li>Moderne und benutzerfreundliche Webseiten<\/li>\n        <li>Gro\u00dfe Auswahl an Spielen<\/li>\n        <li>Hohe Sicherheitsstandards<\/li>\n        <li>Attraktive Boni und Promotionen<\/li>\n        <li>Unterst\u00fctzung lokaler Zahlungsmethoden<\/li>\n    <\/ul>\n    \n    <p>Durch die Nutzung von modernen Technologien und die Bereitstellung erstklassiger Dienstleistungen positionieren sich  als attraktive Option f\u00fcr deutsche Spieler. Sie bieten nicht nur ein spannendes und sicheres Spielerlebnis, sondern auch vielf\u00e4ltige M\u00f6glichkeiten zur Unterhaltung und Gewinnsteigerung.<\/p>\n<\/div>\n","protected":false},"excerpt":{"rendered":"<p>MIEMBROS Beispiele f\u00fcr beliebte Spiele Slots: Spielautomaten sind immer noch die Favoriten unter den Spielern. Neue Online-Casinos bieten eine Vielzahl von thematischen Slots mit beeindruckenden Grafiken und Bonusfunktionen. Tischspiele: Klassiker wie Blackjack, Roulette und Baccarat sind in verschiedenen Varianten verf\u00fcgbar. Live-Casino: Live-Dealer-Spiele bieten ein authentisches Casino-Erlebnis direkt auf den Bildschirm. Poker: Verschiedene Poker-Varianten, darunter Texas&hellip;&nbsp;<a href=\"https:\/\/antaxi.es\/\" class=\"\" rel=\"bookmark\">Leer m\u00e1s &raquo;<span class=\"screen-reader-text\">INICIO<\/span><\/a><\/p>\n","protected":false},"author":1,"featured_media":0,"parent":0,"menu_order":0,"comment_status":"closed","ping_status":"closed","template":"","meta":{"neve_meta_sidebar":"","neve_meta_container":"","neve_meta_enable_content_width":"on","neve_meta_content_width":100,"neve_meta_title_alignment":"","neve_meta_author_avatar":"","neve_post_elements_order":"","neve_meta_disable_header":"","neve_meta_disable_footer":"","neve_meta_disable_title":"on","_ti_tpc_template_sync":false,"_ti_tpc_template_id":"","footnotes":""},"_links":{"self":[{"href":"https:\/\/antaxi.es\/index.php?rest_route=\/wp\/v2\/pages\/14"}],"collection":[{"href":"https:\/\/antaxi.es\/index.php?rest_route=\/wp\/v2\/pages"}],"about":[{"href":"https:\/\/antaxi.es\/index.php?rest_route=\/wp\/v2\/types\/page"}],"author":[{"embeddable":true,"href":"https:\/\/antaxi.es\/index.php?rest_route=\/wp\/v2\/users\/1"}],"replies":[{"embeddable":true,"href":"https:\/\/antaxi.es\/index.php?rest_route=%2Fwp%2Fv2%2Fcomments&post=14"}],"version-history":[{"count":24,"href":"https:\/\/antaxi.es\/index.php?rest_route=\/wp\/v2\/pages\/14\/revisions"}],"predecessor-version":[{"id":931,"href":"https:\/\/antaxi.es\/index.php?rest_route=\/wp\/v2\/pages\/14\/revisions\/931"}],"wp:attachment":[{"href":"https:\/\/antaxi.es\/index.php?rest_route=%2Fwp%2Fv2%2Fmedia&parent=14"}],"curies":[{"name":"wp","href":"https:\/\/api.w.org\/{rel}","templated":true}]}}